{"id":4299,"date":"2022-05-31T10:38:28","date_gmt":"2022-05-31T08:38:28","guid":{"rendered":"https:\/\/haute-decoration.eu\/?post_type=product&#038;p=4299"},"modified":"2022-06-01T10:56:56","modified_gmt":"2022-06-01T08:56:56","slug":"catalogue-finitions-pierre","status":"publish","type":"product","link":"https:\/\/haute-decoration.eu\/en\/reference\/catalogue-finitions-pierre\/","title":{"rendered":"Catalogue des 17 finitions de pierre sur mesure"},"content":{"rendered":"<p>Les agents atmosph\u00e9riques et g\u00e9ologiques (air, eau, feu) travaillent la surface et le grain de la pierre et lui apporte une finition unique.<br \/>\nNous avons d\u00e9velopp\u00e9 un process pour reprendre ce processus naturel.<\/p>\n<p><strong>D\u00e9couvrez et comparez notre collection de 17 finitions de pierre sur mesure<\/strong> mais aussi les dimensions possibles, le d\u00e9lai de commande et la compatibilit\u00e9 avec le marbre sur nid d&#8217;abeille.<\/p>\n","protected":false},"excerpt":{"rendered":"<p>Les agents atmosph\u00e9riques et g\u00e9ologiques (air, eau, feu) travaillent la surface et le grain de la pierre et lui apporte une finition unique.<br \/>\nNous avons d\u00e9velopp\u00e9 un process pour reprendre ce processus naturel.<\/p>\n<p><strong>D\u00e9couvrez et comparez notre collection de 17 finitions de pierre sur mesure<\/strong> mais aussi les dimensions possibles, le d\u00e9lai de commande et la compatibilit\u00e9 avec le marbre sur nid d&#8217;abeille.<\/p>\n","protected":false},"featured_media":3712,"template":"","meta":[],"product_cat":[112],"product_tag":[],"yoast_head":"<!-- This site is optimized with the Yoast SEO plugin v20.6 - https:\/\/yoast.com\/wordpress\/plugins\/seo\/ -->\n<title>Catalogue des 17 finitions de pierre sur mesure - Haute Decoration<\/title>\n<meta name=\"description\" content=\"Comparez les diff\u00e9rents types d&#039;habillage, les crit\u00e8res de choix pour un chantier et une assistance \u00e0 la mise en \u0153uvre.\" \/>\n<meta name=\"robots\" content=\"index, follow, max-snippet:-1, max-image-preview:large, max-video-preview:-1\" \/>\n<link rel=\"canonical\" href=\"https:\/\/haute-decoration.eu\/en\/reference\/catalogue-finitions-pierre\/\" \/>\n<meta property=\"og:locale\" content=\"en_US\" \/>\n<meta property=\"og:type\" content=\"article\" \/>\n<meta property=\"og:title\" content=\"Catalogue des 17 finitions de pierre sur mesure - Haute Decoration\" \/>\n<meta property=\"og:description\" content=\"Comparez les diff\u00e9rents types d&#039;habillage, les crit\u00e8res de choix pour un chantier et une assistance \u00e0 la mise en \u0153uvre.\" \/>\n<meta property=\"og:url\" content=\"https:\/\/haute-decoration.eu\/en\/reference\/catalogue-finitions-pierre\/\" \/>\n<meta property=\"og:site_name\" content=\"Haute Decoration\" \/>\n<meta property=\"article:modified_time\" content=\"2022-06-01T08:56:56+00:00\" \/>\n<meta property=\"og:image\" content=\"https:\/\/haute-decoration.eu\/wp-content\/uploads\/2021\/03\/peau-minerale-wild-chestnut-b-1.jpg\" \/>\n\t<meta property=\"og:image:width\" content=\"858\" \/>\n\t<meta property=\"og:image:height\" content=\"900\" \/>\n\t<meta property=\"og:image:type\" content=\"image\/jpeg\" \/>\n<meta name=\"twitter:card\" content=\"summary_large_image\" \/>\n<meta name=\"twitter:label1\" content=\"Est. reading time\" \/>\n\t<meta name=\"twitter:data1\" content=\"5 minutes\" \/>\n<script type=\"application\/ld+json\" class=\"yoast-schema-graph\">{\"@context\":\"https:\/\/schema.org\",\"@graph\":[{\"@type\":\"WebPage\",\"@id\":\"https:\/\/haute-decoration.eu\/en\/reference\/catalogue-finitions-pierre\/\",\"url\":\"https:\/\/haute-decoration.eu\/en\/reference\/catalogue-finitions-pierre\/\",\"name\":\"Catalogue des 17 finitions de pierre sur mesure - Haute Decoration\",\"isPartOf\":{\"@id\":\"https:\/\/haute-decoration.eu\/en\/#website\"},\"datePublished\":\"2022-05-31T08:38:28+00:00\",\"dateModified\":\"2022-06-01T08:56:56+00:00\",\"description\":\"Comparez les diff\u00e9rents types d'habillage, les crit\u00e8res de choix pour un chantier et une assistance \u00e0 la mise en \u0153uvre.\",\"breadcrumb\":{\"@id\":\"https:\/\/haute-decoration.eu\/en\/reference\/catalogue-finitions-pierre\/#breadcrumb\"},\"inLanguage\":\"en-US\",\"potentialAction\":[{\"@type\":\"ReadAction\",\"target\":[\"https:\/\/haute-decoration.eu\/en\/reference\/catalogue-finitions-pierre\/\"]}]},{\"@type\":\"BreadcrumbList\",\"@id\":\"https:\/\/haute-decoration.eu\/en\/reference\/catalogue-finitions-pierre\/#breadcrumb\",\"itemListElement\":[{\"@type\":\"ListItem\",\"position\":1,\"name\":\"Accueil\",\"item\":\"https:\/\/haute-decoration.eu\/en\/\"},{\"@type\":\"ListItem\",\"position\":2,\"name\":\"Boutique\",\"item\":\"https:\/\/haute-decoration.eu\/?page_id=1060\"},{\"@type\":\"ListItem\",\"position\":3,\"name\":\"Catalogue des 17 finitions de pierre sur mesure\"}]},{\"@type\":\"WebSite\",\"@id\":\"https:\/\/haute-decoration.eu\/en\/#website\",\"url\":\"https:\/\/haute-decoration.eu\/en\/\",\"name\":\"Haute Decoration\",\"description\":\"Marbre nid d&#039;abeille - Marbre r\u00e9tro \u00e9clair\u00e9\",\"publisher\":{\"@id\":\"https:\/\/haute-decoration.eu\/en\/#organization\"},\"potentialAction\":[{\"@type\":\"SearchAction\",\"target\":{\"@type\":\"EntryPoint\",\"urlTemplate\":\"https:\/\/haute-decoration.eu\/en\/?s={search_term_string}\"},\"query-input\":\"required name=search_term_string\"}],\"inLanguage\":\"en-US\"},{\"@type\":\"Organization\",\"@id\":\"https:\/\/haute-decoration.eu\/en\/#organization\",\"name\":\"Haute Decoration\",\"url\":\"https:\/\/haute-decoration.eu\/en\/\",\"logo\":{\"@type\":\"ImageObject\",\"inLanguage\":\"en-US\",\"@id\":\"https:\/\/haute-decoration.eu\/en\/#\/schema\/logo\/image\/\",\"url\":\"https:\/\/haute-decoration.eu\/wp-content\/uploads\/2020\/05\/haute-decoration-logo-blanc.png\",\"contentUrl\":\"https:\/\/haute-decoration.eu\/wp-content\/uploads\/2020\/05\/haute-decoration-logo-blanc.png\",\"width\":1063,\"height\":354,\"caption\":\"Haute Decoration\"},\"image\":{\"@id\":\"https:\/\/haute-decoration.eu\/en\/#\/schema\/logo\/image\/\"}}]}<\/script>\n<!-- \/ Yoast SEO plugin. -->","yoast_head_json":{"title":"Catalogue des 17 finitions de pierre sur mesure - Haute Decoration","description":"Comparez les diff\u00e9rents types d'habillage, les crit\u00e8res de choix pour un chantier et une assistance \u00e0 la mise en \u0153uvre.","robots":{"index":"index","follow":"follow","max-snippet":"max-snippet:-1","max-image-preview":"max-image-preview:large","max-video-preview":"max-video-preview:-1"},"canonical":"https:\/\/haute-decoration.eu\/en\/reference\/catalogue-finitions-pierre\/","og_locale":"en_US","og_type":"article","og_title":"Catalogue des 17 finitions de pierre sur mesure - Haute Decoration","og_description":"Comparez les diff\u00e9rents types d'habillage, les crit\u00e8res de choix pour un chantier et une assistance \u00e0 la mise en \u0153uvre.","og_url":"https:\/\/haute-decoration.eu\/en\/reference\/catalogue-finitions-pierre\/","og_site_name":"Haute Decoration","article_modified_time":"2022-06-01T08:56:56+00:00","og_image":[{"width":858,"height":900,"url":"https:\/\/haute-decoration.eu\/wp-content\/uploads\/2021\/03\/peau-minerale-wild-chestnut-b-1.jpg","type":"image\/jpeg"}],"twitter_card":"summary_large_image","twitter_misc":{"Est. reading time":"5 minutes"},"schema":{"@context":"https:\/\/schema.org","@graph":[{"@type":"WebPage","@id":"https:\/\/haute-decoration.eu\/en\/reference\/catalogue-finitions-pierre\/","url":"https:\/\/haute-decoration.eu\/en\/reference\/catalogue-finitions-pierre\/","name":"Catalogue des 17 finitions de pierre sur mesure - Haute Decoration","isPartOf":{"@id":"https:\/\/haute-decoration.eu\/en\/#website"},"datePublished":"2022-05-31T08:38:28+00:00","dateModified":"2022-06-01T08:56:56+00:00","description":"Comparez les diff\u00e9rents types d'habillage, les crit\u00e8res de choix pour un chantier et une assistance \u00e0 la mise en \u0153uvre.","breadcrumb":{"@id":"https:\/\/haute-decoration.eu\/en\/reference\/catalogue-finitions-pierre\/#breadcrumb"},"inLanguage":"en-US","potentialAction":[{"@type":"ReadAction","target":["https:\/\/haute-decoration.eu\/en\/reference\/catalogue-finitions-pierre\/"]}]},{"@type":"BreadcrumbList","@id":"https:\/\/haute-decoration.eu\/en\/reference\/catalogue-finitions-pierre\/#breadcrumb","itemListElement":[{"@type":"ListItem","position":1,"name":"Accueil","item":"https:\/\/haute-decoration.eu\/en\/"},{"@type":"ListItem","position":2,"name":"Boutique","item":"https:\/\/haute-decoration.eu\/?page_id=1060"},{"@type":"ListItem","position":3,"name":"Catalogue des 17 finitions de pierre sur mesure"}]},{"@type":"WebSite","@id":"https:\/\/haute-decoration.eu\/en\/#website","url":"https:\/\/haute-decoration.eu\/en\/","name":"Haute Decoration","description":"Marbre nid d&#039;abeille - Marbre r\u00e9tro \u00e9clair\u00e9","publisher":{"@id":"https:\/\/haute-decoration.eu\/en\/#organization"},"potentialAction":[{"@type":"SearchAction","target":{"@type":"EntryPoint","urlTemplate":"https:\/\/haute-decoration.eu\/en\/?s={search_term_string}"},"query-input":"required name=search_term_string"}],"inLanguage":"en-US"},{"@type":"Organization","@id":"https:\/\/haute-decoration.eu\/en\/#organization","name":"Haute Decoration","url":"https:\/\/haute-decoration.eu\/en\/","logo":{"@type":"ImageObject","inLanguage":"en-US","@id":"https:\/\/haute-decoration.eu\/en\/#\/schema\/logo\/image\/","url":"https:\/\/haute-decoration.eu\/wp-content\/uploads\/2020\/05\/haute-decoration-logo-blanc.png","contentUrl":"https:\/\/haute-decoration.eu\/wp-content\/uploads\/2020\/05\/haute-decoration-logo-blanc.png","width":1063,"height":354,"caption":"Haute Decoration"},"image":{"@id":"https:\/\/haute-decoration.eu\/en\/#\/schema\/logo\/image\/"}}]}},"_links":{"self":[{"href":"https:\/\/haute-decoration.eu\/en\/wp-json\/wp\/v2\/product\/4299"}],"collection":[{"href":"https:\/\/haute-decoration.eu\/en\/wp-json\/wp\/v2\/product"}],"about":[{"href":"https:\/\/haute-decoration.eu\/en\/wp-json\/wp\/v2\/types\/product"}],"wp:featuredmedia":[{"embeddable":true,"href":"https:\/\/haute-decoration.eu\/en\/wp-json\/wp\/v2\/media\/3712"}],"wp:attachment":[{"href":"https:\/\/haute-decoration.eu\/en\/wp-json\/wp\/v2\/media?parent=4299"}],"wp:term":[{"taxonomy":"product_cat","embeddable":true,"href":"https:\/\/haute-decoration.eu\/en\/wp-json\/wp\/v2\/product_cat?post=4299"},{"taxonomy":"product_tag","embeddable":true,"href":"https:\/\/haute-decoration.eu\/en\/wp-json\/wp\/v2\/product_tag?post=4299"}],"curies":[{"name":"wp","href":"https:\/\/api.w.org\/{rel}","templated":true}]}}